{"id":571,"date":"2021-08-02T19:35:44","date_gmt":"2021-08-02T19:35:44","guid":{"rendered":"https:\/\/www.restaurantxinesfigueres.com\/?page_id=571"},"modified":"2021-08-02T20:06:23","modified_gmt":"2021-08-02T20:06:23","slug":"aviso-legal","status":"publish","type":"page","link":"https:\/\/www.restaurantxinesfigueres.com\/es\/aviso-legal\/","title":{"rendered":"Aviso legal"},"content":{"rendered":"\t\t<div data-elementor-type=\"wp-page\" data-elementor-id=\"571\" class=\"elementor elementor-571\" data-elementor-post-type=\"page\">\n\t\t\t\t\t\t<section class=\"elementor-section elementor-top-section elementor-element elementor-element-a6f15e2 elementor-section-boxed elementor-section-height-default elementor-section-height-default\" data-id=\"a6f15e2\" data-element_type=\"section\" data-e-type=\"section\">\n\t\t\t\t\t\t<div class=\"elementor-container elementor-column-gap-default\">\n\t\t\t\t\t<div class=\"elementor-column elementor-col-100 elementor-top-column elementor-element elementor-element-8e1a792\" data-id=\"8e1a792\" data-element_type=\"column\" data-e-type=\"column\">\n\t\t\t<div class=\"elementor-widget-wrap elementor-element-populated\">\n\t\t\t\t\t\t<div class=\"elementor-element elementor-element-e8db138 elementor-widget elementor-widget-text-editor\" data-id=\"e8db138\" data-element_type=\"widget\" data-e-type=\"widget\" data-widget_type=\"text-editor.default\">\n\t\t\t\t<div class=\"elementor-widget-container\">\n\t\t\t\t\t\t\t\t\t<div>El titular de este sitio web es SHANG HAI LEE SL, con N.I.F. B55025522, con domicilio en Corriol de les Bruixes n\u00ba 11, Figueres (Girona) 17600.<\/div><div>\u00a0<\/div><div>El acceso al sitio web de www.restaurantxinesfigueres.com es gratuito. Todo el contenido es propiedad intelectual de SHANG HAI LEE SL. Cualquier utilizaci\u00f3n de los mismos contraria a las normas en materia de propiedad intelectual ser\u00e1 perseguida con arreglo a la legislaci\u00f3n vigente.<\/div>\t\t\t\t\t\t\t\t<\/div>\n\t\t\t\t<\/div>\n\t\t\t\t\t<\/div>\n\t\t<\/div>\n\t\t\t\t\t<\/div>\n\t\t<\/section>\n\t\t\t\t<\/div>\n\t\t","protected":false},"excerpt":{"rendered":"<p>El titular de este sitio web es SHANG HAI LEE SL, con N.I.F. B55025522, con domicilio en Corriol de les Bruixes n\u00ba 11, Figueres (Girona) 17600.\u00a0El acceso al sitio web de www.restaurantxinesfigueres.com es gratuito. Todo el contenido es propiedad intelectual de SHANG HAI LEE SL. Cualquier utilizaci\u00f3n de los mismos contraria a las normas en [&hellip;]<\/p>\n","protected":false},"author":1,"featured_media":0,"parent":0,"menu_order":0,"comment_status":"closed","ping_status":"closed","template":"elementor_theme","meta":{"footnotes":""},"class_list":["post-571","page","type-page","status-publish","hentry"],"yoast_head":"<!-- This site is optimized with the Yoast SEO plugin v27.2 - https:\/\/yoast.com\/product\/yoast-seo-wordpress\/ -->\n<title>Aviso legal &#8226; Shang Ha\u00ef<\/title>\n<meta name=\"robots\" content=\"noindex, nofollow\" \/>\n<meta property=\"og:locale\" content=\"es_ES\" \/>\n<meta property=\"og:type\" content=\"article\" \/>\n<meta property=\"og:title\" content=\"Aviso legal &#8226; Shang Ha\u00ef\" \/>\n<meta property=\"og:description\" content=\"El titular de este sitio web es SHANG HAI LEE SL, con N.I.F. B55025522, con domicilio en Corriol de les Bruixes n\u00ba 11, Figueres (Girona) 17600.\u00a0El acceso al sitio web de www.restaurantxinesfigueres.com es gratuito. Todo el contenido es propiedad intelectual de SHANG HAI LEE SL. Cualquier utilizaci\u00f3n de los mismos contraria a las normas en [&hellip;]\" \/>\n<meta property=\"og:url\" content=\"https:\/\/www.restaurantxinesfigueres.com\/es\/aviso-legal\/\" \/>\n<meta property=\"og:site_name\" content=\"Shang Ha\u00ef\" \/>\n<meta property=\"article:modified_time\" content=\"2021-08-02T20:06:23+00:00\" \/>\n<meta name=\"twitter:card\" content=\"summary_large_image\" \/>\n<meta name=\"twitter:label1\" content=\"Tiempo de lectura\" \/>\n\t<meta name=\"twitter:data1\" content=\"1 minuto\" \/>\n<script type=\"application\/ld+json\" class=\"yoast-schema-graph\">{\"@context\":\"https:\/\/schema.org\",\"@graph\":[{\"@type\":\"WebPage\",\"@id\":\"https:\/\/www.restaurantxinesfigueres.com\/es\/aviso-legal\/\",\"url\":\"https:\/\/www.restaurantxinesfigueres.com\/es\/aviso-legal\/\",\"name\":\"Aviso legal &#8226; Shang Ha\u00ef\",\"isPartOf\":{\"@id\":\"https:\/\/www.restaurantxinesfigueres.com\/es\/#website\"},\"datePublished\":\"2021-08-02T19:35:44+00:00\",\"dateModified\":\"2021-08-02T20:06:23+00:00\",\"breadcrumb\":{\"@id\":\"https:\/\/www.restaurantxinesfigueres.com\/es\/aviso-legal\/#breadcrumb\"},\"inLanguage\":\"es\",\"potentialAction\":[{\"@type\":\"ReadAction\",\"target\":[\"https:\/\/www.restaurantxinesfigueres.com\/es\/aviso-legal\/\"]}]},{\"@type\":\"BreadcrumbList\",\"@id\":\"https:\/\/www.restaurantxinesfigueres.com\/es\/aviso-legal\/#breadcrumb\",\"itemListElement\":[{\"@type\":\"ListItem\",\"position\":1,\"name\":\"Inici\",\"item\":\"https:\/\/www.restaurantxinesfigueres.com\/es\/\"},{\"@type\":\"ListItem\",\"position\":2,\"name\":\"Aviso legal\"}]},{\"@type\":\"WebSite\",\"@id\":\"https:\/\/www.restaurantxinesfigueres.com\/es\/#website\",\"url\":\"https:\/\/www.restaurantxinesfigueres.com\/es\/\",\"name\":\"Shang Ha\u00ef\",\"description\":\"Restaurante Chino en Figueres\",\"publisher\":{\"@id\":\"https:\/\/www.restaurantxinesfigueres.com\/es\/#organization\"},\"potentialAction\":[{\"@type\":\"SearchAction\",\"target\":{\"@type\":\"EntryPoint\",\"urlTemplate\":\"https:\/\/www.restaurantxinesfigueres.com\/es\/?s={search_term_string}\"},\"query-input\":{\"@type\":\"PropertyValueSpecification\",\"valueRequired\":true,\"valueName\":\"search_term_string\"}}],\"inLanguage\":\"es\"},{\"@type\":\"Organization\",\"@id\":\"https:\/\/www.restaurantxinesfigueres.com\/es\/#organization\",\"name\":\"SHANG HA\u00cf - Restaurant Xin\u00e8s Figueres\",\"url\":\"https:\/\/www.restaurantxinesfigueres.com\/es\/\",\"logo\":{\"@type\":\"ImageObject\",\"inLanguage\":\"es\",\"@id\":\"https:\/\/www.restaurantxinesfigueres.com\/es\/#\/schema\/logo\/image\/\",\"url\":\"https:\/\/www.restaurantxinesfigueres.com\/wp-content\/uploads\/2021\/06\/shang-hai-rrss.jpg\",\"contentUrl\":\"https:\/\/www.restaurantxinesfigueres.com\/wp-content\/uploads\/2021\/06\/shang-hai-rrss.jpg\",\"width\":250,\"height\":250,\"caption\":\"SHANG HA\u00cf - Restaurant Xin\u00e8s Figueres\"},\"image\":{\"@id\":\"https:\/\/www.restaurantxinesfigueres.com\/es\/#\/schema\/logo\/image\/\"}}]}<\/script>\n<!-- \/ Yoast SEO plugin. -->","yoast_head_json":{"title":"Aviso legal &#8226; Shang Ha\u00ef","robots":{"index":"noindex","follow":"nofollow"},"og_locale":"es_ES","og_type":"article","og_title":"Aviso legal &#8226; Shang Ha\u00ef","og_description":"El titular de este sitio web es SHANG HAI LEE SL, con N.I.F. B55025522, con domicilio en Corriol de les Bruixes n\u00ba 11, Figueres (Girona) 17600.\u00a0El acceso al sitio web de www.restaurantxinesfigueres.com es gratuito. Todo el contenido es propiedad intelectual de SHANG HAI LEE SL. Cualquier utilizaci\u00f3n de los mismos contraria a las normas en [&hellip;]","og_url":"https:\/\/www.restaurantxinesfigueres.com\/es\/aviso-legal\/","og_site_name":"Shang Ha\u00ef","article_modified_time":"2021-08-02T20:06:23+00:00","twitter_card":"summary_large_image","twitter_misc":{"Tiempo de lectura":"1 minuto"},"schema":{"@context":"https:\/\/schema.org","@graph":[{"@type":"WebPage","@id":"https:\/\/www.restaurantxinesfigueres.com\/es\/aviso-legal\/","url":"https:\/\/www.restaurantxinesfigueres.com\/es\/aviso-legal\/","name":"Aviso legal &#8226; Shang Ha\u00ef","isPartOf":{"@id":"https:\/\/www.restaurantxinesfigueres.com\/es\/#website"},"datePublished":"2021-08-02T19:35:44+00:00","dateModified":"2021-08-02T20:06:23+00:00","breadcrumb":{"@id":"https:\/\/www.restaurantxinesfigueres.com\/es\/aviso-legal\/#breadcrumb"},"inLanguage":"es","potentialAction":[{"@type":"ReadAction","target":["https:\/\/www.restaurantxinesfigueres.com\/es\/aviso-legal\/"]}]},{"@type":"BreadcrumbList","@id":"https:\/\/www.restaurantxinesfigueres.com\/es\/aviso-legal\/#breadcrumb","itemListElement":[{"@type":"ListItem","position":1,"name":"Inici","item":"https:\/\/www.restaurantxinesfigueres.com\/es\/"},{"@type":"ListItem","position":2,"name":"Aviso legal"}]},{"@type":"WebSite","@id":"https:\/\/www.restaurantxinesfigueres.com\/es\/#website","url":"https:\/\/www.restaurantxinesfigueres.com\/es\/","name":"Shang Ha\u00ef","description":"Restaurante Chino en Figueres","publisher":{"@id":"https:\/\/www.restaurantxinesfigueres.com\/es\/#organization"},"potentialAction":[{"@type":"SearchAction","target":{"@type":"EntryPoint","urlTemplate":"https:\/\/www.restaurantxinesfigueres.com\/es\/?s={search_term_string}"},"query-input":{"@type":"PropertyValueSpecification","valueRequired":true,"valueName":"search_term_string"}}],"inLanguage":"es"},{"@type":"Organization","@id":"https:\/\/www.restaurantxinesfigueres.com\/es\/#organization","name":"SHANG HA\u00cf - Restaurant Xin\u00e8s Figueres","url":"https:\/\/www.restaurantxinesfigueres.com\/es\/","logo":{"@type":"ImageObject","inLanguage":"es","@id":"https:\/\/www.restaurantxinesfigueres.com\/es\/#\/schema\/logo\/image\/","url":"https:\/\/www.restaurantxinesfigueres.com\/wp-content\/uploads\/2021\/06\/shang-hai-rrss.jpg","contentUrl":"https:\/\/www.restaurantxinesfigueres.com\/wp-content\/uploads\/2021\/06\/shang-hai-rrss.jpg","width":250,"height":250,"caption":"SHANG HA\u00cf - Restaurant Xin\u00e8s Figueres"},"image":{"@id":"https:\/\/www.restaurantxinesfigueres.com\/es\/#\/schema\/logo\/image\/"}}]}},"_links":{"self":[{"href":"https:\/\/www.restaurantxinesfigueres.com\/es\/wp-json\/wp\/v2\/pages\/571","targetHints":{"allow":["GET"]}}],"collection":[{"href":"https:\/\/www.restaurantxinesfigueres.com\/es\/wp-json\/wp\/v2\/pages"}],"about":[{"href":"https:\/\/www.restaurantxinesfigueres.com\/es\/wp-json\/wp\/v2\/types\/page"}],"author":[{"embeddable":true,"href":"https:\/\/www.restaurantxinesfigueres.com\/es\/wp-json\/wp\/v2\/users\/1"}],"replies":[{"embeddable":true,"href":"https:\/\/www.restaurantxinesfigueres.com\/es\/wp-json\/wp\/v2\/comments?post=571"}],"version-history":[{"count":5,"href":"https:\/\/www.restaurantxinesfigueres.com\/es\/wp-json\/wp\/v2\/pages\/571\/revisions"}],"predecessor-version":[{"id":626,"href":"https:\/\/www.restaurantxinesfigueres.com\/es\/wp-json\/wp\/v2\/pages\/571\/revisions\/626"}],"wp:attachment":[{"href":"https:\/\/www.restaurantxinesfigueres.com\/es\/wp-json\/wp\/v2\/media?parent=571"}],"curies":[{"name":"wp","href":"https:\/\/api.w.org\/{rel}","templated":true}]}}